{"id":9071,"date":"2023-10-25T17:08:31","date_gmt":"2023-10-25T15:08:31","guid":{"rendered":"http:\/\/artesania-redr.raquelcamara.es\/?page_id=9071"},"modified":"2023-11-14T10:49:15","modified_gmt":"2023-11-14T09:49:15","slug":"artesano-pons-triay","status":"publish","type":"page","link":"https:\/\/artesaniarural.redr.es\/?page_id=9071","title":{"rendered":"Artesano-Pons Triay"},"content":{"rendered":"[vc_row type=\u00bbfull_width_content\u00bb full_screen_row_position=\u00bbmiddle\u00bb column_margin=\u00bbdefault\u00bb vertically_center_columns=\u00bbtrue\u00bb column_direction=\u00bbdefault\u00bb column_direction_tablet=\u00bbdefault\u00bb column_direction_phone=\u00bbdefault\u00bb bg_color=\u00bb#f0f0f0&#8243; scene_position=\u00bbcenter\u00bb text_color=\u00bbdark\u00bb text_align=\u00bbleft\u00bb row_border_radius=\u00bbnone\u00bb row_border_radius_applies=\u00bbbg\u00bb overflow=\u00bbvisible\u00bb overlay_strength=\u00bb0.3&#8243; gradient_direction=\u00bbleft_to_right\u00bb shape_divider_position=\u00bbbottom\u00bb bg_image_animation=\u00bbnone\u00bb gradient_type=\u00bbdefault\u00bb shape_type=\u00bb\u00bb][vc_column column_padding=\u00bbpadding-7-percent\u00bb column_padding_tablet=\u00bbinherit\u00bb column_padding_phone=\u00bbinherit\u00bb column_padding_position=\u00bball\u00bb column_element_direction_desktop=\u00bbdefault\u00bb column_element_spacing=\u00bbdefault\u00bb desktop_text_alignment=\u00bbdefault\u00bb tablet_text_alignment=\u00bbdefault\u00bb phone_text_alignment=\u00bbdefault\u00bb background_color_opacity=\u00bb1&#8243; background_hover_color_opacity=\u00bb1&#8243; column_backdrop_filter=\u00bbnone\u00bb column_shadow=\u00bbnone\u00bb column_border_radius=\u00bbnone\u00bb column_link_target=\u00bb_self\u00bb column_position=\u00bbdefault\u00bb gradient_direction=\u00bbleft_to_right\u00bb overlay_strength=\u00bb0.3&#8243; width=\u00bb1\/2&#8243; tablet_width_inherit=\u00bbdefault\u00bb animation_type=\u00bbdefault\u00bb bg_image_animation=\u00bbnone\u00bb border_type=\u00bbsimple\u00bb column_border_width=\u00bbnone\u00bb column_border_style=\u00bbsolid\u00bb column_padding_type=\u00bbdefault\u00bb gradient_type=\u00bbdefault\u00bb][vc_column_text]\n<h1>Ovidi Pons Triay<\/h1>\n[\/vc_column_text][vc_column_text]\n<h4>Arader<\/h4>\n[\/vc_column_text][divider line_type=\u00bbNo Line\u00bb custom_height=\u00bb20&#8243;][vc_column_text]\n<p class=\"p1\">Ovidi Pons es un &#8216;arader&#8217;, un oficio \u00fanico en Menorca. Aunque es una palabra que no tiene una traducci\u00f3n literal en castellano, su equivalente ser\u00eda carpintero artesano tradicional. Comenz\u00f3 su aprendizaje a los 16 a\u00f1os bajo la tutela de Pedro, un respetado maestro &#8216;arader&#8217; de Sant Llu\u00eds. Con el tiempo, domin\u00f3 todos los aspectos del oficio durante sus nueve a\u00f1os de formaci\u00f3n bajo la tutela de su maestro.<\/p>\n<p class=\"p1\">Hace 14 a\u00f1os que Pons dirige su propio taller, continuando la tradici\u00f3n del &#8216;arader&#8217;. El nombre de este oficio deriva de \u00abarado\u00bb, una herramienta fundamental que los &#8216;araders&#8217; sol\u00edan construir en tiempos pasados, pero que hoy d\u00eda casi ha ca\u00eddo en desuso. En la actualidad, los pocos &#8216;araders&#8217; de Menorca se dedican principalmente a la confecci\u00f3n de las emblem\u00e1ticas \u00abbarreres d\u2019ullastre\u00bb.<\/p>\n<p class=\"p1\">Ovidi construye anualmente entre 700 y 1000 herramientas de campo, y participa en proyectos de construcci\u00f3n de &#8216;s\u00ednias&#8217; y restauraciones de molinos, as\u00ed como tambi\u00e9n realiza piezas art\u00edsticas hechas con la t\u00e9cnica del torneado. Como artesano respeta la forma tradicional de trabajar y utiliza principalmente madera local, como el acebuche.<br \/>\nHa ganado premios notables, incluido el Food Gift Challenge 2020 a nivel europeo. Ovidi Pons promueve su oficio a trav\u00e9s de demostraciones, exhibiciones y ferias. Posee la carta de maestro artesano y la marca de garant\u00eda de Menorca.<\/p>\n<p><i class=\"fa-regular fa-link\"><\/i> Web: <a href=\"https:\/\/www.ovidiarader.com\/es\/inicio\" rel=\"nofollow\">www.ovidiarader.com<\/a><br \/>\n<i class=\"fa-brands fa-instagram\"><\/i>\u00a0 Instagram: <a href=\"https:\/\/www.instagram.com\/ovidipons\" rel=\"nofollow\"> @ovidipons<\/a><br \/>\n<i class=\"fa-brands fa-facebook\"><\/i> Facebook: <a href=\"https:\/\/www.facebook.com\/OvidiArader\/\" rel=\"nofollow\"> @OvidiArader<\/a>[\/vc_column_text][divider line_type=\u00bbNo Line\u00bb custom_height=\u00bb20&#8243;][\/vc_column][vc_column column_padding=\u00bbno-extra-padding\u00bb column_padding_tablet=\u00bbinherit\u00bb column_padding_phone=\u00bbinherit\u00bb column_padding_position=\u00bball\u00bb column_element_direction_desktop=\u00bbdefault\u00bb column_element_spacing=\u00bbdefault\u00bb desktop_text_alignment=\u00bbdefault\u00bb tablet_text_alignment=\u00bbdefault\u00bb phone_text_alignment=\u00bbdefault\u00bb background_color_opacity=\u00bb1&#8243; background_hover_color_opacity=\u00bb1&#8243; column_backdrop_filter=\u00bbnone\u00bb column_shadow=\u00bbnone\u00bb column_border_radius=\u00bbnone\u00bb column_link_target=\u00bb_self\u00bb column_position=\u00bbdefault\u00bb gradient_direction=\u00bbleft_to_right\u00bb overlay_strength=\u00bb0.3&#8243; width=\u00bb1\/2&#8243; tablet_width_inherit=\u00bbdefault\u00bb animation_type=\u00bbdefault\u00bb bg_image_animation=\u00bbnone\u00bb border_type=\u00bbsimple\u00bb column_border_width=\u00bbnone\u00bb column_border_style=\u00bbsolid\u00bb column_padding_type=\u00bbdefault\u00bb gradient_type=\u00bbdefault\u00bb][image_with_animation image_url=\u00bb9072&#8243; image_size=\u00bbfull\u00bb animation_type=\u00bbentrance\u00bb animation=\u00bbNone\u00bb animation_movement_type=\u00bbtransform_y\u00bb hover_animation=\u00bbnone\u00bb alignment=\u00bb\u00bb border_radius=\u00bbnone\u00bb box_shadow=\u00bbnone\u00bb image_loading=\u00bbdefault\u00bb max_width=\u00bb100%\u00bb max_width_mobile=\u00bbdefault\u00bb][\/vc_column][\/vc_row][vc_row type=\u00bbin_container\u00bb full_screen_row_position=\u00bbmiddle\u00bb column_margin=\u00bbdefault\u00bb column_direction=\u00bbdefault\u00bb column_direction_tablet=\u00bbdefault\u00bb column_direction_phone=\u00bbdefault\u00bb scene_position=\u00bbcenter\u00bb text_color=\u00bbdark\u00bb text_align=\u00bbleft\u00bb row_border_radius=\u00bbnone\u00bb row_border_radius_applies=\u00bbbg\u00bb overflow=\u00bbvisible\u00bb overlay_strength=\u00bb0.3&#8243; gradient_direction=\u00bbleft_to_right\u00bb shape_divider_position=\u00bbbottom\u00bb bg_image_animation=\u00bbnone\u00bb][vc_column column_padding=\u00bbno-extra-padding\u00bb column_padding_tablet=\u00bbinherit\u00bb column_padding_phone=\u00bbinherit\u00bb column_padding_position=\u00bball\u00bb column_element_direction_desktop=\u00bbdefault\u00bb column_element_spacing=\u00bbdefault\u00bb desktop_text_alignment=\u00bbdefault\u00bb tablet_text_alignment=\u00bbdefault\u00bb phone_text_alignment=\u00bbdefault\u00bb background_color_opacity=\u00bb1&#8243; background_hover_color_opacity=\u00bb1&#8243; column_backdrop_filter=\u00bbnone\u00bb column_shadow=\u00bbnone\u00bb column_border_radius=\u00bbnone\u00bb column_link_target=\u00bb_self\u00bb column_position=\u00bbdefault\u00bb gradient_direction=\u00bbleft_to_right\u00bb overlay_strength=\u00bb0.3&#8243; width=\u00bb1\/1&#8243; tablet_width_inherit=\u00bbdefault\u00bb animation_type=\u00bbdefault\u00bb bg_image_animation=\u00bbnone\u00bb border_type=\u00bbsimple\u00bb column_border_width=\u00bbnone\u00bb column_border_style=\u00bbsolid\u00bb][vc_gallery type=\u00bbimage_grid\u00bb images=\u00bb9073,9074,9075,9076,9077&#8243; image_grid_loading=\u00bbdefault\u00bb layout=\u00bbfullwidth\u00bb masonry_style=\u00bbtrue\u00bb bypass_image_cropping=\u00bbtrue\u00bb item_spacing=\u00bb8px\u00bb constrain_max_cols=\u00bbtrue\u00bb gallery_style=\u00bb7&#8243; load_in_animation=\u00bbnone\u00bb][\/vc_column][\/vc_row][vc_row type=\u00bbfull_width_content\u00bb full_screen_row_position=\u00bbmiddle\u00bb column_margin=\u00bbdefault\u00bb column_direction=\u00bbdefault\u00bb column_direction_tablet=\u00bbdefault\u00bb column_direction_phone=\u00bbdefault\u00bb scene_position=\u00bbcenter\u00bb top_padding=\u00bb24px\u00bb constrain_group_1=\u00bbyes\u00bb bottom_padding=\u00bb24px\u00bb left_padding_desktop=\u00bb12px\u00bb constrain_group_2=\u00bbyes\u00bb right_padding_desktop=\u00bb12px\u00bb text_color=\u00bbdark\u00bb text_align=\u00bbleft\u00bb row_border_radius=\u00bbnone\u00bb row_border_radius_applies=\u00bbbg\u00bb overflow=\u00bbvisible\u00bb overlay_strength=\u00bb0.3&#8243; gradient_direction=\u00bbleft_to_right\u00bb shape_divider_position=\u00bbbottom\u00bb bg_image_animation=\u00bbnone\u00bb gradient_type=\u00bbdefault\u00bb shape_type=\u00bb\u00bb][vc_column column_padding=\u00bbno-extra-padding\u00bb column_padding_tablet=\u00bbinherit\u00bb column_padding_phone=\u00bbinherit\u00bb column_padding_position=\u00bball\u00bb column_element_direction_desktop=\u00bbdefault\u00bb column_element_spacing=\u00bbdefault\u00bb desktop_text_alignment=\u00bbdefault\u00bb tablet_text_alignment=\u00bbdefault\u00bb phone_text_alignment=\u00bbdefault\u00bb background_color_opacity=\u00bb1&#8243; background_hover_color_opacity=\u00bb1&#8243; column_backdrop_filter=\u00bbnone\u00bb column_shadow=\u00bbnone\u00bb column_border_radius=\u00bbnone\u00bb column_link_target=\u00bb_self\u00bb column_position=\u00bbdefault\u00bb gradient_direction=\u00bbleft_to_right\u00bb overlay_strength=\u00bb0.3&#8243; width=\u00bb1\/2&#8243; tablet_width_inherit=\u00bbdefault\u00bb animation_type=\u00bbdefault\u00bb bg_image_animation=\u00bbnone\u00bb border_type=\u00bbsimple\u00bb column_border_width=\u00bbnone\u00bb column_border_style=\u00bbsolid\u00bb][nectar_cta btn_style=\u00bbbasic\u00bb heading_tag=\u00bbh6&#8243; border_radius=\u00bb48&#8243; button_color=\u00bbdefault\u00bb button_border_color=\u00bb#333333&#8243; button_border_thickness=\u00bb1px\u00bb link_type=\u00bbregular\u00bb alignment=\u00bbleft\u00bb alignment_tablet=\u00bbdefault\u00bb alignment_phone=\u00bbdefault\u00bb constrain_group_3=\u00bbyes\u00bb constrain_group_4=\u00bbyes\u00bb display=\u00bbblock\u00bb display_tablet=\u00bbinherit\u00bb display_phone=\u00bbinherit\u00bb icon_family=\u00bbnone\u00bb link_text=\u00bb- Anterior\u00bb url=\u00bbhttps:\/\/artesaniarural.redr.es\/?page_id=9000&#8243; padding_top=\u00bb24&#8243; padding_bottom=\u00bb24&#8243; padding_left=\u00bb24&#8243; padding_right=\u00bb24&#8243;][\/vc_column][vc_column column_padding=\u00bbno-extra-padding\u00bb column_padding_tablet=\u00bbinherit\u00bb column_padding_phone=\u00bbinherit\u00bb column_padding_position=\u00bball\u00bb column_element_direction_desktop=\u00bbdefault\u00bb column_element_spacing=\u00bbdefault\u00bb desktop_text_alignment=\u00bbdefault\u00bb tablet_text_alignment=\u00bbdefault\u00bb phone_text_alignment=\u00bbdefault\u00bb background_color_opacity=\u00bb1&#8243; background_hover_color_opacity=\u00bb1&#8243; column_backdrop_filter=\u00bbnone\u00bb column_shadow=\u00bbnone\u00bb column_border_radius=\u00bbnone\u00bb column_link_target=\u00bb_self\u00bb column_position=\u00bbdefault\u00bb gradient_direction=\u00bbleft_to_right\u00bb overlay_strength=\u00bb0.3&#8243; width=\u00bb1\/2&#8243; tablet_width_inherit=\u00bbdefault\u00bb animation_type=\u00bbdefault\u00bb bg_image_animation=\u00bbnone\u00bb border_type=\u00bbsimple\u00bb column_border_width=\u00bbnone\u00bb column_border_style=\u00bbsolid\u00bb][nectar_cta btn_style=\u00bbbasic\u00bb heading_tag=\u00bbh6&#8243; border_radius=\u00bb48&#8243; button_color=\u00bbdefault\u00bb button_border_color=\u00bb#333333&#8243; button_border_thickness=\u00bb1px\u00bb link_type=\u00bbregular\u00bb alignment=\u00bbright\u00bb alignment_tablet=\u00bbdefault\u00bb alignment_phone=\u00bbdefault\u00bb constrain_group_3=\u00bbyes\u00bb constrain_group_4=\u00bbyes\u00bb display=\u00bbblock\u00bb display_tablet=\u00bbinherit\u00bb display_phone=\u00bbinherit\u00bb icon_family=\u00bbnone\u00bb link_text=\u00bbSiguiente -\u00bb url=\u00bbhttps:\/\/artesaniarural.redr.es\/?page_id=9038&#8243; padding_top=\u00bb24&#8243; padding_bottom=\u00bb24&#8243; padding_left=\u00bb24&#8243; padding_right=\u00bb24&#8243;][\/vc_column][\/vc_row]\n","protected":false},"excerpt":{"rendered":"<p>[vc_row type=\u00bbfull_width_content\u00bb full_screen_row_position=\u00bbmiddle\u00bb column_margin=\u00bbdefault\u00bb vertically_center_columns=\u00bbtrue\u00bb column_direction=\u00bbdefault\u00bb column_direction_tablet=\u00bbdefault\u00bb column_direction_phone=\u00bbdefault\u00bb bg_color=\u00bb#f0f0f0&#8243; scene_position=\u00bbcenter\u00bb text_color=\u00bbdark\u00bb text_align=\u00bbleft\u00bb row_border_radius=\u00bbnone\u00bb row_border_radius_applies=\u00bbbg\u00bb overflow=\u00bbvisible\u00bb overlay_strength=\u00bb0.3&#8243; gradient_direction=\u00bbleft_to_right\u00bb shape_divider_position=\u00bbbottom\u00bb bg_image_animation=\u00bbnone\u00bb gradient_type=\u00bbdefault\u00bb shape_type=\u00bb\u00bb][vc_column column_padding=\u00bbpadding-7-percent\u00bb column_padding_tablet=\u00bbinherit\u00bb column_padding_phone=\u00bbinherit\u00bb column_padding_position=\u00bball\u00bb column_element_direction_desktop=\u00bbdefault\u00bb column_element_spacing=\u00bbdefault\u00bb desktop_text_alignment=\u00bbdefault\u00bb tablet_text_alignment=\u00bbdefault\u00bb phone_text_alignment=\u00bbdefault\u00bb&#8230;<\/p>\n","protected":false},"author":1,"featured_media":0,"parent":0,"menu_order":0,"comment_status":"closed","ping_status":"closed","template":"","meta":{"om_disable_all_campaigns":false,"_monsterinsights_skip_tracking":false,"_monsterinsights_sitenote_active":false,"_monsterinsights_sitenote_note":"","_monsterinsights_sitenote_category":0,"_uf_show_specific_survey":0,"_uf_disable_surveys":false,"footnotes":""},"aioseo_notices":[],"_links":{"self":[{"href":"https:\/\/artesaniarural.redr.es\/index.php?rest_route=\/wp\/v2\/pages\/9071"}],"collection":[{"href":"https:\/\/artesaniarural.redr.es\/index.php?rest_route=\/wp\/v2\/pages"}],"about":[{"href":"https:\/\/artesaniarural.redr.es\/index.php?rest_route=\/wp\/v2\/types\/page"}],"author":[{"embeddable":true,"href":"https:\/\/artesaniarural.redr.es\/index.php?rest_route=\/wp\/v2\/users\/1"}],"replies":[{"embeddable":true,"href":"https:\/\/artesaniarural.redr.es\/index.php?rest_route=%2Fwp%2Fv2%2Fcomments&post=9071"}],"version-history":[{"count":4,"href":"https:\/\/artesaniarural.redr.es\/index.php?rest_route=\/wp\/v2\/pages\/9071\/revisions"}],"predecessor-version":[{"id":9301,"href":"https:\/\/artesaniarural.redr.es\/index.php?rest_route=\/wp\/v2\/pages\/9071\/revisions\/9301"}],"wp:attachment":[{"href":"https:\/\/artesaniarural.redr.es\/index.php?rest_route=%2Fwp%2Fv2%2Fmedia&parent=9071"}],"curies":[{"name":"wp","href":"https:\/\/api.w.org\/{rel}","templated":true}]}}