{"id":9363,"date":"2023-11-17T13:15:17","date_gmt":"2023-11-17T12:15:17","guid":{"rendered":"https:\/\/artesaniarural.redr.es\/?page_id=9363"},"modified":"2023-11-17T13:23:44","modified_gmt":"2023-11-17T12:23:44","slug":"rural-youth-art-summit-martinez-estefania","status":"publish","type":"page","link":"https:\/\/artesaniarural.redr.es\/?page_id=9363","title":{"rendered":"Rural Youth Art Summit-Mart\u00ednez Estefan\u00eda"},"content":{"rendered":"[vc_row type=\u00bbfull_width_content\u00bb full_screen_row_position=\u00bbmiddle\u00bb column_margin=\u00bbdefault\u00bb vertically_center_columns=\u00bbtrue\u00bb column_direction=\u00bbdefault\u00bb column_direction_tablet=\u00bbdefault\u00bb column_direction_phone=\u00bbdefault\u00bb bg_color=\u00bb#f0f0f0&#8243; scene_position=\u00bbcenter\u00bb text_color=\u00bbdark\u00bb text_align=\u00bbleft\u00bb row_border_radius=\u00bbnone\u00bb row_border_radius_applies=\u00bbbg\u00bb overflow=\u00bbvisible\u00bb overlay_strength=\u00bb0.3&#8243; gradient_direction=\u00bbleft_to_right\u00bb shape_divider_position=\u00bbbottom\u00bb bg_image_animation=\u00bbnone\u00bb gradient_type=\u00bbdefault\u00bb shape_type=\u00bb\u00bb][vc_column column_padding=\u00bbpadding-7-percent\u00bb column_padding_tablet=\u00bbinherit\u00bb column_padding_phone=\u00bbinherit\u00bb column_padding_position=\u00bball\u00bb column_element_direction_desktop=\u00bbdefault\u00bb column_element_spacing=\u00bbdefault\u00bb desktop_text_alignment=\u00bbdefault\u00bb tablet_text_alignment=\u00bbdefault\u00bb phone_text_alignment=\u00bbdefault\u00bb background_color_opacity=\u00bb1&#8243; background_hover_color_opacity=\u00bb1&#8243; column_backdrop_filter=\u00bbnone\u00bb column_shadow=\u00bbnone\u00bb column_border_radius=\u00bbnone\u00bb column_link_target=\u00bb_self\u00bb column_position=\u00bbdefault\u00bb gradient_direction=\u00bbleft_to_right\u00bb overlay_strength=\u00bb0.3&#8243; width=\u00bb1\/2&#8243; tablet_width_inherit=\u00bbdefault\u00bb animation_type=\u00bbdefault\u00bb bg_image_animation=\u00bbnone\u00bb border_type=\u00bbsimple\u00bb column_border_width=\u00bbnone\u00bb column_border_style=\u00bbsolid\u00bb column_padding_type=\u00bbdefault\u00bb gradient_type=\u00bbdefault\u00bb][nectar_cta btn_style=\u00bbbasic\u00bb heading_tag=\u00bbh6&#8243; border_radius=\u00bb48&#8243; button_color=\u00bbextra-color-2&#8243; text_color=\u00bb#ffffff\u00bb button_border_thickness=\u00bb1px\u00bb link_type=\u00bbregular\u00bb alignment=\u00bbleft\u00bb alignment_tablet=\u00bbdefault\u00bb alignment_phone=\u00bbdefault\u00bb constrain_group_3=\u00bbyes\u00bb constrain_group_4=\u00bbyes\u00bb display=\u00bbblock\u00bb display_tablet=\u00bbinherit\u00bb display_phone=\u00bbinherit\u00bb icon_family=\u00bbnone\u00bb link_text=\u00bbRural Youth Art Summit 2023&#8243; url=\u00bbhttps:\/\/artesaniarural.redr.es\/rural-youth-art-summit-2023\/\u00bb padding_top=\u00bb16&#8243; padding_bottom=\u00bb16&#8243; padding_left=\u00bb24&#8243; padding_right=\u00bb24&#8243;][divider line_type=\u00bbNo Line\u00bb custom_height=\u00bb20&#8243;][vc_column_text]\n<h1>Estefan\u00eda Mart\u00ednez<\/h1>\n[\/vc_column_text][divider line_type=\u00bbNo Line\u00bb custom_height=\u00bb20&#8243;][vc_column_text]Estefan\u00eda Mart\u00ednez, actualmente residente en un pueblecito de Murcia. Desde su infancia ha mantenido un profundo inter\u00e9s por el arte. A sus 25 a\u00f1os, se encuentra se estudiando Dise\u00f1o, demostrando que su intuici\u00f3n no la ha llevado por mal camino.<\/p>\n<p>Con modestia, Estefan\u00eda revela que se desempe\u00f1a como dise\u00f1adora gr\u00e1fica, y su curiosidad la lleva a explorar diversas disciplinas para abrirse a nuevos caminos en sus proyectos. Siempre con la mente puesta en la creaci\u00f3n m\u00e1s all\u00e1 de la pantalla del ordenador, aunque reconoce que este enfoque puede presentar desaf\u00edos, est\u00e1 decidida a superarlos en pos de su pasi\u00f3n art\u00edstica.<\/p>\n<p><i class=\"fa-brands fa-instagram\"><\/i>\u00a0 Instagram: <a href=\"https:\/\/www.instagram.com\/effinoseke\/?hl=es\">@effinoseke<\/a>[\/vc_column_text][divider line_type=\u00bbNo Line\u00bb custom_height=\u00bb20&#8243;][\/vc_column][vc_column column_padding=\u00bbno-extra-padding\u00bb column_padding_tablet=\u00bbinherit\u00bb column_padding_phone=\u00bbinherit\u00bb column_padding_position=\u00bball\u00bb column_element_direction_desktop=\u00bbdefault\u00bb column_element_spacing=\u00bbdefault\u00bb desktop_text_alignment=\u00bbdefault\u00bb tablet_text_alignment=\u00bbdefault\u00bb phone_text_alignment=\u00bbdefault\u00bb background_color_opacity=\u00bb1&#8243; background_hover_color_opacity=\u00bb1&#8243; column_backdrop_filter=\u00bbnone\u00bb column_shadow=\u00bbnone\u00bb column_border_radius=\u00bbnone\u00bb column_link_target=\u00bb_self\u00bb column_position=\u00bbdefault\u00bb gradient_direction=\u00bbleft_to_right\u00bb overlay_strength=\u00bb0.3&#8243; width=\u00bb1\/2&#8243; tablet_width_inherit=\u00bbdefault\u00bb animation_type=\u00bbdefault\u00bb bg_image_animation=\u00bbnone\u00bb border_type=\u00bbsimple\u00bb column_border_width=\u00bbnone\u00bb column_border_style=\u00bbsolid\u00bb column_padding_type=\u00bbdefault\u00bb gradient_type=\u00bbdefault\u00bb][image_with_animation image_url=\u00bb9364&#8243; image_size=\u00bbfull\u00bb animation_type=\u00bbentrance\u00bb animation=\u00bbNone\u00bb animation_movement_type=\u00bbtransform_y\u00bb hover_animation=\u00bbnone\u00bb alignment=\u00bb\u00bb border_radius=\u00bbnone\u00bb box_shadow=\u00bbnone\u00bb image_loading=\u00bbdefault\u00bb max_width=\u00bb100%\u00bb max_width_mobile=\u00bbdefault\u00bb img_link=\u00bbhttps:\/\/artesaniarural.redr.es\/rural-youth-art-summit-2023\/\u00bb][\/vc_column][\/vc_row][vc_row type=\u00bbfull_width_content\u00bb full_screen_row_position=\u00bbmiddle\u00bb column_margin=\u00bbdefault\u00bb vertically_center_columns=\u00bbtrue\u00bb column_direction=\u00bbdefault\u00bb column_direction_tablet=\u00bbdefault\u00bb column_direction_phone=\u00bbdefault\u00bb scene_position=\u00bbcenter\u00bb text_color=\u00bbdark\u00bb text_align=\u00bbleft\u00bb row_border_radius=\u00bbnone\u00bb row_border_radius_applies=\u00bbbg\u00bb overflow=\u00bbvisible\u00bb overlay_strength=\u00bb0.3&#8243; gradient_direction=\u00bbleft_to_right\u00bb shape_divider_position=\u00bbbottom\u00bb bg_image_animation=\u00bbnone\u00bb gradient_type=\u00bbdefault\u00bb shape_type=\u00bb\u00bb][vc_column column_padding=\u00bbpadding-7-percent\u00bb column_padding_tablet=\u00bbinherit\u00bb column_padding_phone=\u00bbinherit\u00bb column_padding_position=\u00bball\u00bb column_element_direction_desktop=\u00bbdefault\u00bb column_element_spacing=\u00bbdefault\u00bb desktop_text_alignment=\u00bbdefault\u00bb tablet_text_alignment=\u00bbdefault\u00bb phone_text_alignment=\u00bbdefault\u00bb background_color_opacity=\u00bb1&#8243; background_hover_color_opacity=\u00bb1&#8243; column_backdrop_filter=\u00bbnone\u00bb column_shadow=\u00bbnone\u00bb column_border_radius=\u00bbnone\u00bb column_link_target=\u00bb_self\u00bb column_position=\u00bbdefault\u00bb gradient_direction=\u00bbleft_to_right\u00bb overlay_strength=\u00bb0.3&#8243; width=\u00bb1\/2&#8243; tablet_width_inherit=\u00bbdefault\u00bb animation_type=\u00bbdefault\u00bb bg_image_animation=\u00bbnone\u00bb border_type=\u00bbsimple\u00bb column_border_width=\u00bbnone\u00bb column_border_style=\u00bbsolid\u00bb column_padding_type=\u00bbdefault\u00bb gradient_type=\u00bbdefault\u00bb][nectar_cta btn_style=\u00bbbasic\u00bb heading_tag=\u00bbh6&#8243; border_radius=\u00bb48&#8243; button_color=\u00bbdefault\u00bb button_border_color=\u00bb#333333&#8243; button_border_thickness=\u00bb1px\u00bb link_type=\u00bbregular\u00bb alignment=\u00bbleft\u00bb alignment_tablet=\u00bbdefault\u00bb alignment_phone=\u00bbdefault\u00bb constrain_group_3=\u00bbyes\u00bb constrain_group_4=\u00bbyes\u00bb display=\u00bbblock\u00bb display_tablet=\u00bbinherit\u00bb display_phone=\u00bbinherit\u00bb icon_family=\u00bbnone\u00bb url=\u00bbhttps:\/\/artesaniarural.redr.es\/?page_id=8769&#8243; padding_top=\u00bb24&#8243; padding_bottom=\u00bb24&#8243; padding_left=\u00bb24&#8243; padding_right=\u00bb24&#8243; link_text=\u00bb- Anterior\u00bb][\/vc_column][vc_column column_padding=\u00bbpadding-7-percent\u00bb column_padding_tablet=\u00bbinherit\u00bb column_padding_phone=\u00bbinherit\u00bb column_padding_position=\u00bball\u00bb column_element_direction_desktop=\u00bbdefault\u00bb column_element_spacing=\u00bbdefault\u00bb desktop_text_alignment=\u00bbdefault\u00bb tablet_text_alignment=\u00bbdefault\u00bb phone_text_alignment=\u00bbdefault\u00bb background_color_opacity=\u00bb1&#8243; background_hover_color_opacity=\u00bb1&#8243; column_backdrop_filter=\u00bbnone\u00bb column_shadow=\u00bbnone\u00bb column_border_radius=\u00bbnone\u00bb column_link_target=\u00bb_self\u00bb column_position=\u00bbdefault\u00bb gradient_direction=\u00bbleft_to_right\u00bb overlay_strength=\u00bb0.3&#8243; width=\u00bb1\/2&#8243; tablet_width_inherit=\u00bbdefault\u00bb animation_type=\u00bbdefault\u00bb bg_image_animation=\u00bbnone\u00bb border_type=\u00bbsimple\u00bb column_border_width=\u00bbnone\u00bb column_border_style=\u00bbsolid\u00bb column_padding_type=\u00bbdefault\u00bb gradient_type=\u00bbdefault\u00bb][nectar_cta btn_style=\u00bbbasic\u00bb heading_tag=\u00bbh6&#8243; border_radius=\u00bb48&#8243; button_color=\u00bbdefault\u00bb button_border_color=\u00bb#333333&#8243; button_border_thickness=\u00bb1px\u00bb link_type=\u00bbregular\u00bb alignment=\u00bbright\u00bb alignment_tablet=\u00bbdefault\u00bb alignment_phone=\u00bbdefault\u00bb constrain_group_3=\u00bbyes\u00bb constrain_group_4=\u00bbyes\u00bb display=\u00bbblock\u00bb display_tablet=\u00bbinherit\u00bb display_phone=\u00bbinherit\u00bb icon_family=\u00bbnone\u00bb url=\u00bbhttps:\/\/artesaniarural.redr.es\/?page_id=8800&#8243; padding_top=\u00bb24&#8243; padding_bottom=\u00bb24&#8243; padding_left=\u00bb24&#8243; padding_right=\u00bb24&#8243; link_text=\u00bbSiguiente -\u00ab][\/vc_column][\/vc_row]\n","protected":false},"excerpt":{"rendered":"<p>[vc_row type=\u00bbfull_width_content\u00bb full_screen_row_position=\u00bbmiddle\u00bb column_margin=\u00bbdefault\u00bb vertically_center_columns=\u00bbtrue\u00bb column_direction=\u00bbdefault\u00bb column_direction_tablet=\u00bbdefault\u00bb column_direction_phone=\u00bbdefault\u00bb bg_color=\u00bb#f0f0f0&#8243; scene_position=\u00bbcenter\u00bb text_color=\u00bbdark\u00bb text_align=\u00bbleft\u00bb row_border_radius=\u00bbnone\u00bb row_border_radius_applies=\u00bbbg\u00bb overflow=\u00bbvisible\u00bb overlay_strength=\u00bb0.3&#8243; gradient_direction=\u00bbleft_to_right\u00bb shape_divider_position=\u00bbbottom\u00bb bg_image_animation=\u00bbnone\u00bb gradient_type=\u00bbdefault\u00bb shape_type=\u00bb\u00bb][vc_column column_padding=\u00bbpadding-7-percent\u00bb column_padding_tablet=\u00bbinherit\u00bb column_padding_phone=\u00bbinherit\u00bb column_padding_position=\u00bball\u00bb column_element_direction_desktop=\u00bbdefault\u00bb column_element_spacing=\u00bbdefault\u00bb desktop_text_alignment=\u00bbdefault\u00bb tablet_text_alignment=\u00bbdefault\u00bb phone_text_alignment=\u00bbdefault\u00bb&#8230;<\/p>\n","protected":false},"author":3,"featured_media":0,"parent":0,"menu_order":0,"comment_status":"closed","ping_status":"closed","template":"","meta":{"om_disable_all_campaigns":false,"_monsterinsights_skip_tracking":false,"_monsterinsights_sitenote_active":false,"_monsterinsights_sitenote_note":"","_monsterinsights_sitenote_category":0,"_uf_show_specific_survey":0,"_uf_disable_surveys":false,"footnotes":""},"aioseo_notices":[],"_links":{"self":[{"href":"https:\/\/artesaniarural.redr.es\/index.php?rest_route=\/wp\/v2\/pages\/9363"}],"collection":[{"href":"https:\/\/artesaniarural.redr.es\/index.php?rest_route=\/wp\/v2\/pages"}],"about":[{"href":"https:\/\/artesaniarural.redr.es\/index.php?rest_route=\/wp\/v2\/types\/page"}],"author":[{"embeddable":true,"href":"https:\/\/artesaniarural.redr.es\/index.php?rest_route=\/wp\/v2\/users\/3"}],"replies":[{"embeddable":true,"href":"https:\/\/artesaniarural.redr.es\/index.php?rest_route=%2Fwp%2Fv2%2Fcomments&post=9363"}],"version-history":[{"count":2,"href":"https:\/\/artesaniarural.redr.es\/index.php?rest_route=\/wp\/v2\/pages\/9363\/revisions"}],"predecessor-version":[{"id":9368,"href":"https:\/\/artesaniarural.redr.es\/index.php?rest_route=\/wp\/v2\/pages\/9363\/revisions\/9368"}],"wp:attachment":[{"href":"https:\/\/artesaniarural.redr.es\/index.php?rest_route=%2Fwp%2Fv2%2Fmedia&parent=9363"}],"curies":[{"name":"wp","href":"https:\/\/api.w.org\/{rel}","templated":true}]}}